{"id":24,"date":"2019-08-12T13:22:36","date_gmt":"2019-08-12T17:22:36","guid":{"rendered":"https:\/\/keystonethreaded.ap3s45ff-liquidwebsites.com\/contact-us\/"},"modified":"2024-08-26T09:41:49","modified_gmt":"2024-08-26T13:41:49","slug":"contact-us","status":"publish","type":"page","link":"https:\/\/www.keystonethreaded.com\/es\/contact-us\/","title":{"rendered":"Contacte con nosotros"},"content":{"rendered":"<div data-elementor-type=\"wp-page\" data-elementor-id=\"24\" class=\"elementor elementor-24\" data-elementor-post-type=\"page\">\n\t\t\t\t\t\t<section class=\"elementor-section elementor-top-section elementor-element elementor-element-e277640 elementor-section-boxed elementor-section-height-default elementor-section-height-default\" data-id=\"e277640\" data-element_type=\"section\" data-e-type=\"section\" data-settings=\"{&quot;background_background&quot;:&quot;classic&quot;}\">\n\t\t\t\t\t\t\t<div class=\"elementor-background-overlay\"><\/div>\n\t\t\t\t\t\t\t<div class=\"elementor-container elementor-column-gap-default\">\n\t\t\t\t\t<div class=\"elementor-column elementor-col-50 elementor-top-column elementor-element elementor-element-29d5f56\" data-id=\"29d5f56\" data-element_type=\"column\" data-e-type=\"column\">\n\t\t\t<div class=\"elementor-widget-wrap elementor-element-populated\">\n\t\t\t\t\t\t<div class=\"elementor-element elementor-element-b87ba2e elementor-widget__width-initial elementor-widget elementor-widget-heading\" data-id=\"b87ba2e\" data-element_type=\"widget\" data-e-type=\"widget\" data-widget_type=\"heading.default\">\n\t\t\t\t<div class=\"elementor-widget-container\">\n\t\t\t\t\t<h1 class=\"elementor-heading-title elementor-size-default\">P\u00f3ngase en contacto con<\/h1>\t\t\t\t<\/div>\n\t\t\t\t<\/div>\n\t\t\t\t\t<\/div>\n\t\t<\/div>\n\t\t\t\t<div class=\"elementor-column elementor-col-50 elementor-top-column elementor-element elementor-element-6641b3e\" data-id=\"6641b3e\" data-element_type=\"column\" data-e-type=\"column\">\n\t\t\t<div class=\"elementor-widget-wrap elementor-element-populated\">\n\t\t\t\t\t\t<div class=\"elementor-element elementor-element-1d79f18 elementor-widget-divider--view-line elementor-widget elementor-widget-divider\" data-id=\"1d79f18\" data-element_type=\"widget\" data-e-type=\"widget\" data-widget_type=\"divider.default\">\n\t\t\t\t<div class=\"elementor-widget-container\">\n\t\t\t\t\t\t\t<div class=\"elementor-divider\">\n\t\t\t<span class=\"elementor-divider-separator\">\n\t\t\t\t\t\t<\/span>\n\t\t<\/div>\n\t\t\t\t\t\t<\/div>\n\t\t\t\t<\/div>\n\t\t\t\t\t<\/div>\n\t\t<\/div>\n\t\t\t\t\t<\/div>\n\t\t<\/section>\n\t\t\t\t<section class=\"elementor-section elementor-top-section elementor-element elementor-element-ba5c61a elementor-section-full_width elementor-section-height-default elementor-section-height-default\" data-id=\"ba5c61a\" data-element_type=\"section\" data-e-type=\"section\" data-settings=\"{&quot;background_background&quot;:&quot;classic&quot;}\">\n\t\t\t\t\t\t\t<div class=\"elementor-background-overlay\"><\/div>\n\t\t\t\t\t\t\t<div class=\"elementor-container elementor-column-gap-default\">\n\t\t\t\t\t<div class=\"elementor-column elementor-col-50 elementor-top-column elementor-element elementor-element-4b06baa elementor-hidden-phone\" data-id=\"4b06baa\" data-element_type=\"column\" data-e-type=\"column\" data-settings=\"{&quot;background_background&quot;:&quot;classic&quot;}\">\n\t\t\t<div class=\"elementor-widget-wrap\">\n\t\t\t\t\t\t\t<\/div>\n\t\t<\/div>\n\t\t\t\t<div class=\"elementor-column elementor-col-50 elementor-top-column elementor-element elementor-element-9daf3ff\" data-id=\"9daf3ff\" data-element_type=\"column\" data-e-type=\"column\" data-settings=\"{&quot;background_background&quot;:&quot;classic&quot;}\">\n\t\t\t<div class=\"elementor-widget-wrap elementor-element-populated\">\n\t\t\t\t\t<div class=\"elementor-background-overlay\"><\/div>\n\t\t\t\t\t\t<div class=\"elementor-element elementor-element-dbb0b6d elementor-widget elementor-widget-spacer\" data-id=\"dbb0b6d\" data-element_type=\"widget\" data-e-type=\"widget\" data-widget_type=\"spacer.default\">\n\t\t\t\t<div class=\"elementor-widget-container\">\n\t\t\t\t\t\t\t<div class=\"elementor-spacer\">\n\t\t\t<div class=\"elementor-spacer-inner\"><\/div>\n\t\t<\/div>\n\t\t\t\t\t\t<\/div>\n\t\t\t\t<\/div>\n\t\t\t\t<div class=\"elementor-element elementor-element-3c9c5db elementor-view-stacked elementor-position-inline-start icon-styling elementor-shape-circle elementor-mobile-position-block-start elementor-widget elementor-widget-icon-box\" data-id=\"3c9c5db\" data-element_type=\"widget\" data-e-type=\"widget\" data-widget_type=\"icon-box.default\">\n\t\t\t\t<div class=\"elementor-widget-container\">\n\t\t\t\t\t\t\t<div class=\"elementor-icon-box-wrapper\">\n\n\t\t\t\t\t\t<div class=\"elementor-icon-box-icon\">\n\t\t\t\t<span  class=\"elementor-icon\">\n\t\t\t\t<svg aria-hidden=\"true\" class=\"e-font-icon-svg e-fas-map-marker-alt\" viewbox=\"0 0 384 512\" xmlns=\"http:\/\/www.w3.org\/2000\/svg\"><path d=\"M172.268 501.67C26.97 291.031 0 269.413 0 192 0 85.961 85.961 0 192 0s192 85.961 192 192c0 77.413-26.97 99.031-172.268 309.67-9.535 13.774-29.93 13.773-39.464 0zM192 272c44.183 0 80-35.817 80-80s-35.817-80-80-80-80 35.817-80 80 35.817 80 80 80z\"><\/path><\/svg>\t\t\t\t<\/span>\n\t\t\t<\/div>\n\t\t\t\n\t\t\t\t\t\t<div class=\"elementor-icon-box-content\">\n\n\t\t\t\t\t\t\t\t\t<h3 class=\"elementor-icon-box-title\">\n\t\t\t\t\t\t<span  >\n\t\t\t\t\t\t\tProductos roscados Keystone \t\t\t\t\t\t<\/span>\n\t\t\t\t\t<\/h3>\n\t\t\t\t\n\t\t\t\t\t\t\t\t\t<p class=\"elementor-icon-box-description\">\n\t\t\t\t\t\t7600 Hub Parkway <br>\nValley View, Ohio 44125\n<br><br>\n<strong>DIRECCI\u00d3N POSTAL:<\/strong>\n<br>Apartado de correos 31059\n<br>Independence, Ohio 44131\t\t\t\t\t<\/p>\n\t\t\t\t\n\t\t\t<\/div>\n\t\t\t\n\t\t<\/div>\n\t\t\t\t\t\t<\/div>\n\t\t\t\t<\/div>\n\t\t\t\t<div class=\"elementor-element elementor-element-ea6d442 elementor-view-stacked elementor-position-inline-start icon-styling elementor-shape-circle elementor-mobile-position-block-start elementor-widget elementor-widget-icon-box\" data-id=\"ea6d442\" data-element_type=\"widget\" data-e-type=\"widget\" data-widget_type=\"icon-box.default\">\n\t\t\t\t<div class=\"elementor-widget-container\">\n\t\t\t\t\t\t\t<div class=\"elementor-icon-box-wrapper\">\n\n\t\t\t\t\t\t<div class=\"elementor-icon-box-icon\">\n\t\t\t\t<span  class=\"elementor-icon\">\n\t\t\t\t<svg aria-hidden=\"true\" class=\"e-font-icon-svg e-fas-phone-alt\" viewbox=\"0 0 512 512\" xmlns=\"http:\/\/www.w3.org\/2000\/svg\"><path d=\"M497.39 361.8l-112-48a24 24 0 0 0-28 6.9l-49.6 60.6A370.66 370.66 0 0 1 130.6 204.11l60.6-49.6a23.94 23.94 0 0 0 6.9-28l-48-112A24.16 24.16 0 0 0 122.6.61l-104 24A24 24 0 0 0 0 48c0 256.5 207.9 464 464 464a24 24 0 0 0 23.4-18.6l24-104a24.29 24.29 0 0 0-14.01-27.6z\"><\/path><\/svg>\t\t\t\t<\/span>\n\t\t\t<\/div>\n\t\t\t\n\t\t\t\t\t\t<div class=\"elementor-icon-box-content\">\n\n\t\t\t\t\n\t\t\t\t\t\t\t\t\t<p class=\"elementor-icon-box-description\">\n\t\t\t\t\t\t<b>Llamada gratuita:<\/b> 800.862.ACME (2263) \n\n<br>\n\n<b>Tel: <\/b>216.524.9626 <br>\n\n<b>Fax:<\/b> 216.524.7132 <br>\n\n<b>Correo electr\u00f3nico:<\/b> keystone@keystonethreaded.com\t\t\t\t\t<\/p>\n\t\t\t\t\n\t\t\t<\/div>\n\t\t\t\n\t\t<\/div>\n\t\t\t\t\t\t<\/div>\n\t\t\t\t<\/div>\n\t\t\t\t<div class=\"elementor-element elementor-element-68513a4 elementor-widget elementor-widget-spacer\" data-id=\"68513a4\" data-element_type=\"widget\" data-e-type=\"widget\" data-widget_type=\"spacer.default\">\n\t\t\t\t<div class=\"elementor-widget-container\">\n\t\t\t\t\t\t\t<div class=\"elementor-spacer\">\n\t\t\t<div class=\"elementor-spacer-inner\"><\/div>\n\t\t<\/div>\n\t\t\t\t\t\t<\/div>\n\t\t\t\t<\/div>\n\t\t\t\t<div class=\"elementor-element elementor-element-99e7ab3 elementor-align-center elementor-widget elementor-widget-button\" data-id=\"99e7ab3\" data-element_type=\"widget\" data-e-type=\"widget\" data-widget_type=\"button.default\">\n\t\t\t\t<div class=\"elementor-widget-container\">\n\t\t\t\t\t\t\t\t\t<div class=\"elementor-button-wrapper\">\n\t\t\t\t\t<a class=\"elementor-button elementor-button-link elementor-size-xl\" href=\"\/es\/request-a-quote\/\">\n\t\t\t\t\t\t<span class=\"elementor-button-content-wrapper\">\n\t\t\t\t\t\t\t\t\t<span class=\"elementor-button-text\">SOLICITAR PRESUPUESTO<\/span>\n\t\t\t\t\t<\/span>\n\t\t\t\t\t<\/a>\n\t\t\t\t<\/div>\n\t\t\t\t\t\t\t\t<\/div>\n\t\t\t\t<\/div>\n\t\t\t\t\t<\/div>\n\t\t<\/div>\n\t\t\t\t\t<\/div>\n\t\t<\/section>\n\t\t\t\t<section class=\"elementor-section elementor-top-section elementor-element elementor-element-0fe690e elementor-section-full_width elementor-section-height-default elementor-section-height-default\" data-id=\"0fe690e\" data-element_type=\"section\" data-e-type=\"section\">\n\t\t\t\t\t\t<div class=\"elementor-container elementor-column-gap-no\">\n\t\t\t\t\t<div class=\"elementor-column elementor-col-100 elementor-top-column elementor-element elementor-element-eb07537\" data-id=\"eb07537\" data-element_type=\"column\" data-e-type=\"column\">\n\t\t\t<div class=\"elementor-widget-wrap elementor-element-populated\">\n\t\t\t\t\t\t<div class=\"elementor-element elementor-element-ee42421 elementor-widget elementor-widget-google_maps\" data-id=\"ee42421\" data-element_type=\"widget\" data-e-type=\"widget\" data-widget_type=\"google_maps.default\">\n\t\t\t\t<div class=\"elementor-widget-container\">\n\t\t\t\t\t\t\t<div class=\"elementor-custom-embed\">\n\t\t\t<iframe loading=\"lazy\"\n\t\t\t\t\tsrc=\"https:\/\/maps.google.com\/maps?q=Keystone%20Threaded%20Products%207600%20Hub%20Parkway%20Valley%20View%2C%20Ohio%2044125&#038;t=m&#038;z=9&#038;output=embed&#038;iwloc=near\"\n\t\t\t\t\ttitle=\"Keystone Productos Roscados 7600 Hub Parkway Valley View, Ohio 44125\"\n\t\t\t\t\taria-label=\"Keystone Productos Roscados 7600 Hub Parkway Valley View, Ohio 44125\"\n\t\t\t><\/iframe>\n\t\t<\/div>\n\t\t\t\t\t\t<\/div>\n\t\t\t\t<\/div>\n\t\t\t\t\t<\/div>\n\t\t<\/div>\n\t\t\t\t\t<\/div>\n\t\t<\/section>\n\t\t\t\t<\/div>","protected":false},"excerpt":{"rendered":"<p>Contacto Keystone Threaded Products 7600 Hub Parkway Valley View, Ohio 44125 DIRECCI\u00d3N POSTAL: Post Office Box 31059 Independence, Ohio 44131 L\u00ednea gratuita: 800.862.ACME (2263) Tel: 216.524.9626 Fax: 216.524.7132 Correo electr\u00f3nico: keystone@keystonethreaded.com SOLICITAR PRESUPUESTO<\/p>","protected":false},"author":1,"featured_media":0,"parent":0,"menu_order":140,"comment_status":"closed","ping_status":"closed","template":"elementor_header_footer","meta":{"_acf_changed":false,"footnotes":""},"class_list":["post-24","page","type-page","status-publish","hentry"],"acf":[],"yoast_head":"<!-- This site is optimized with the Yoast SEO Premium plugin v27.3 (Yoast SEO v27.4) - https:\/\/yoast.com\/product\/yoast-seo-premium-wordpress\/ -->\n<title>Contact Us | Roll Threaded Products | Keystone Threaded Products<\/title>\n<meta name=\"description\" content=\"Have questions about our custom roll threaded products? We&#039;d love to hear from you! Contact us for answers to your questions.\" \/>\n<meta name=\"robots\" content=\"index, follow, max-snippet:-1, max-image-preview:large, max-video-preview:-1\" \/>\n<link rel=\"canonical\" href=\"https:\/\/www.keystonethreaded.com\/es\/contact-us\/\" \/>\n<meta property=\"og:locale\" content=\"es_ES\" \/>\n<meta property=\"og:type\" content=\"article\" \/>\n<meta property=\"og:title\" content=\"Contact Us\" \/>\n<meta property=\"og:description\" content=\"Have questions about our custom roll threaded products? We&#039;d love to hear from you! Contact us for answers to your questions.\" \/>\n<meta property=\"og:url\" content=\"https:\/\/www.keystonethreaded.com\/es\/contact-us\/\" \/>\n<meta property=\"og:site_name\" content=\"Keystone Threaded Products\" \/>\n<meta property=\"article:publisher\" content=\"https:\/\/www.facebook.com\/KeystoneThreaded\" \/>\n<meta property=\"article:modified_time\" content=\"2024-08-26T13:41:49+00:00\" \/>\n<meta property=\"og:image\" content=\"https:\/\/www.keystonethreaded.com\/wp-content\/uploads\/2020\/05\/Keystone_OG_IMG.jpg\" \/>\n\t<meta property=\"og:image:width\" content=\"1200\" \/>\n\t<meta property=\"og:image:height\" content=\"630\" \/>\n\t<meta property=\"og:image:type\" content=\"image\/jpeg\" \/>\n<meta name=\"twitter:card\" content=\"summary_large_image\" \/>\n<meta name=\"twitter:label1\" content=\"Tiempo de lectura\" \/>\n\t<meta name=\"twitter:data1\" content=\"1 minuto\" \/>\n<script type=\"application\/ld+json\" class=\"yoast-schema-graph\">{\"@context\":\"https:\\\/\\\/schema.org\",\"@graph\":[{\"@type\":\"WebPage\",\"@id\":\"https:\\\/\\\/www.keystonethreaded.com\\\/contact-us\\\/\",\"url\":\"https:\\\/\\\/www.keystonethreaded.com\\\/contact-us\\\/\",\"name\":\"Contact Us | Roll Threaded Products | Keystone Threaded Products\",\"isPartOf\":{\"@id\":\"https:\\\/\\\/www.keystonethreaded.com\\\/#website\"},\"datePublished\":\"2019-08-12T17:22:36+00:00\",\"dateModified\":\"2024-08-26T13:41:49+00:00\",\"description\":\"Have questions about our custom roll threaded products? We'd love to hear from you! Contact us for answers to your questions.\",\"breadcrumb\":{\"@id\":\"https:\\\/\\\/www.keystonethreaded.com\\\/contact-us\\\/#breadcrumb\"},\"inLanguage\":\"es\",\"potentialAction\":[{\"@type\":\"ReadAction\",\"target\":[\"https:\\\/\\\/www.keystonethreaded.com\\\/contact-us\\\/\"]}]},{\"@type\":\"BreadcrumbList\",\"@id\":\"https:\\\/\\\/www.keystonethreaded.com\\\/contact-us\\\/#breadcrumb\",\"itemListElement\":[{\"@type\":\"ListItem\",\"position\":1,\"name\":\"Home\",\"item\":\"https:\\\/\\\/www.keystonethreaded.com\\\/\"},{\"@type\":\"ListItem\",\"position\":2,\"name\":\"Contact Us\"}]},{\"@type\":\"WebSite\",\"@id\":\"https:\\\/\\\/www.keystonethreaded.com\\\/#website\",\"url\":\"https:\\\/\\\/www.keystonethreaded.com\\\/\",\"name\":\"Keystone Threaded Products\",\"description\":\"Custom Roll Threading Since 1920\",\"publisher\":{\"@id\":\"https:\\\/\\\/www.keystonethreaded.com\\\/#organization\"},\"potentialAction\":[{\"@type\":\"SearchAction\",\"target\":{\"@type\":\"EntryPoint\",\"urlTemplate\":\"https:\\\/\\\/www.keystonethreaded.com\\\/?s={search_term_string}\"},\"query-input\":{\"@type\":\"PropertyValueSpecification\",\"valueRequired\":true,\"valueName\":\"search_term_string\"}}],\"inLanguage\":\"es\"},{\"@type\":\"Organization\",\"@id\":\"https:\\\/\\\/www.keystonethreaded.com\\\/#organization\",\"name\":\"Keystone Threaded Products\",\"url\":\"https:\\\/\\\/www.keystonethreaded.com\\\/\",\"logo\":{\"@type\":\"ImageObject\",\"inLanguage\":\"es\",\"@id\":\"https:\\\/\\\/www.keystonethreaded.com\\\/#\\\/schema\\\/logo\\\/image\\\/\",\"url\":\"https:\\\/\\\/www.keystonethreaded.com\\\/wp-content\\\/uploads\\\/2025\\\/10\\\/Keystone_Logo-Primary-color-scaled.png\",\"contentUrl\":\"https:\\\/\\\/www.keystonethreaded.com\\\/wp-content\\\/uploads\\\/2025\\\/10\\\/Keystone_Logo-Primary-color-scaled.png\",\"width\":1400,\"height\":918,\"caption\":\"Keystone Threaded Products\"},\"image\":{\"@id\":\"https:\\\/\\\/www.keystonethreaded.com\\\/#\\\/schema\\\/logo\\\/image\\\/\"},\"sameAs\":[\"https:\\\/\\\/www.facebook.com\\\/KeystoneThreaded\",\"https:\\\/\\\/www.linkedin.com\\\/company\\\/keystone-threaded-products\",\"https:\\\/\\\/instagram.com\\\/keystonethreaded\"]}]}<\/script>\n<!-- \/ Yoast SEO Premium plugin. -->","yoast_head_json":{"title":"Contact Us | Roll Threaded Products | Keystone Threaded Products","description":"Have questions about our custom roll threaded products? We'd love to hear from you! Contact us for answers to your questions.","robots":{"index":"index","follow":"follow","max-snippet":"max-snippet:-1","max-image-preview":"max-image-preview:large","max-video-preview":"max-video-preview:-1"},"canonical":"https:\/\/www.keystonethreaded.com\/es\/contact-us\/","og_locale":"es_ES","og_type":"article","og_title":"Contact Us","og_description":"Have questions about our custom roll threaded products? We'd love to hear from you! Contact us for answers to your questions.","og_url":"https:\/\/www.keystonethreaded.com\/es\/contact-us\/","og_site_name":"Keystone Threaded Products","article_publisher":"https:\/\/www.facebook.com\/KeystoneThreaded","article_modified_time":"2024-08-26T13:41:49+00:00","og_image":[{"width":1200,"height":630,"url":"https:\/\/www.keystonethreaded.com\/wp-content\/uploads\/2020\/05\/Keystone_OG_IMG.jpg","type":"image\/jpeg"}],"twitter_card":"summary_large_image","twitter_misc":{"Tiempo de lectura":"1 minuto"},"schema":{"@context":"https:\/\/schema.org","@graph":[{"@type":"WebPage","@id":"https:\/\/www.keystonethreaded.com\/contact-us\/","url":"https:\/\/www.keystonethreaded.com\/contact-us\/","name":"Contact Us | Roll Threaded Products | Keystone Threaded Products","isPartOf":{"@id":"https:\/\/www.keystonethreaded.com\/#website"},"datePublished":"2019-08-12T17:22:36+00:00","dateModified":"2024-08-26T13:41:49+00:00","description":"Have questions about our custom roll threaded products? We'd love to hear from you! Contact us for answers to your questions.","breadcrumb":{"@id":"https:\/\/www.keystonethreaded.com\/contact-us\/#breadcrumb"},"inLanguage":"es","potentialAction":[{"@type":"ReadAction","target":["https:\/\/www.keystonethreaded.com\/contact-us\/"]}]},{"@type":"BreadcrumbList","@id":"https:\/\/www.keystonethreaded.com\/contact-us\/#breadcrumb","itemListElement":[{"@type":"ListItem","position":1,"name":"Home","item":"https:\/\/www.keystonethreaded.com\/"},{"@type":"ListItem","position":2,"name":"Contact Us"}]},{"@type":"WebSite","@id":"https:\/\/www.keystonethreaded.com\/#website","url":"https:\/\/www.keystonethreaded.com\/","name":"Productos roscados Keystone","description":"Enhebrado de rodillos a medida desde 1920","publisher":{"@id":"https:\/\/www.keystonethreaded.com\/#organization"},"potentialAction":[{"@type":"SearchAction","target":{"@type":"EntryPoint","urlTemplate":"https:\/\/www.keystonethreaded.com\/?s={search_term_string}"},"query-input":{"@type":"PropertyValueSpecification","valueRequired":true,"valueName":"search_term_string"}}],"inLanguage":"es"},{"@type":"Organization","@id":"https:\/\/www.keystonethreaded.com\/#organization","name":"Productos roscados Keystone","url":"https:\/\/www.keystonethreaded.com\/","logo":{"@type":"ImageObject","inLanguage":"es","@id":"https:\/\/www.keystonethreaded.com\/#\/schema\/logo\/image\/","url":"https:\/\/www.keystonethreaded.com\/wp-content\/uploads\/2025\/10\/Keystone_Logo-Primary-color-scaled.png","contentUrl":"https:\/\/www.keystonethreaded.com\/wp-content\/uploads\/2025\/10\/Keystone_Logo-Primary-color-scaled.png","width":1400,"height":918,"caption":"Keystone Threaded Products"},"image":{"@id":"https:\/\/www.keystonethreaded.com\/#\/schema\/logo\/image\/"},"sameAs":["https:\/\/www.facebook.com\/KeystoneThreaded","https:\/\/www.linkedin.com\/company\/keystone-threaded-products","https:\/\/instagram.com\/keystonethreaded"]}]}},"_links":{"self":[{"href":"https:\/\/www.keystonethreaded.com\/es\/wp-json\/wp\/v2\/pages\/24","targetHints":{"allow":["GET"]}}],"collection":[{"href":"https:\/\/www.keystonethreaded.com\/es\/wp-json\/wp\/v2\/pages"}],"about":[{"href":"https:\/\/www.keystonethreaded.com\/es\/wp-json\/wp\/v2\/types\/page"}],"author":[{"embeddable":true,"href":"https:\/\/www.keystonethreaded.com\/es\/wp-json\/wp\/v2\/users\/1"}],"replies":[{"embeddable":true,"href":"https:\/\/www.keystonethreaded.com\/es\/wp-json\/wp\/v2\/comments?post=24"}],"version-history":[{"count":0,"href":"https:\/\/www.keystonethreaded.com\/es\/wp-json\/wp\/v2\/pages\/24\/revisions"}],"wp:attachment":[{"href":"https:\/\/www.keystonethreaded.com\/es\/wp-json\/wp\/v2\/media?parent=24"}],"curies":[{"name":"wp","href":"https:\/\/api.w.org\/{rel}","templated":true}]}}